{"id":231,"date":"2025-06-11T17:48:19","date_gmt":"2025-06-11T15:48:19","guid":{"rendered":"https:\/\/creperie-au-petit-breton.fr\/index.php\/home\/"},"modified":"2025-06-19T14:49:38","modified_gmt":"2025-06-19T12:49:38","slug":"home","status":"publish","type":"page","link":"https:\/\/creperie-au-petit-breton.fr\/","title":{"rendered":"Home"},"content":{"rendered":"\t\t<div data-elementor-type=\"wp-page\" data-elementor-id=\"231\" class=\"elementor elementor-231\" data-elementor-post-type=\"page\">\n\t\t\t\t<div class=\"elementor-element elementor-element-6ec7f3be e-con-full e-flex e-con e-parent\" data-id=\"6ec7f3be\" data-element_type=\"container\">\n\t\t<div class=\"elementor-element elementor-element-522daaa6 e-con-full e-flex e-con e-child\" data-id=\"522daaa6\" data-element_type=\"container\">\n\t\t\t\t<div class=\"elementor-element elementor-element-61e31705 elementor-view-default elementor-widget elementor-widget-icon\" data-id=\"61e31705\" data-element_type=\"widget\" data-widget_type=\"icon.default\">\n\t\t\t\t<div class=\"elementor-widget-container\">\n\t\t\t\t\t\t\t<div class=\"elementor-icon-wrapper\">\n\t\t\t<a class=\"elementor-icon elementor-animation-sink\" href=\"#next\">\n\t\t\t<svg xmlns=\"http:\/\/www.w3.org\/2000\/svg\" id=\"a5582592-875f-408e-9406-fbdc9be8d8e2\" data-name=\"Layer 1\" width=\"19\" height=\"43\" viewBox=\"0 0 19 43\"><title>Down<\/title><path d=\"M18.68,32.4955a1.0688,1.0688,0,0,0-1.54,0l-6.55,6.6938V1.1005A1.0944,1.0944,0,0,0,9.5044,0,1.1061,1.1061,0,0,0,8.41,1.1187v38.08L1.86,32.5046a1.0688,1.0688,0,0,0-1.54,0,1.1263,1.1263,0,0,0,0,1.5735l8.41,8.5945a1.0686,1.0686,0,0,0,1.54,0l8.41-8.5945a1.1373,1.1373,0,0,0,0-1.5826Z\"><\/path><\/svg>\t\t\t<\/a>\n\t\t<\/div>\n\t\t\t\t\t\t<\/div>\n\t\t\t\t<\/div>\n\t\t\t\t<\/div>\n\t\t<div class=\"elementor-element elementor-element-19fde408 e-con-full e-flex e-con e-child\" data-id=\"19fde408\" data-element_type=\"container\" data-settings=\"{&quot;background_background&quot;:&quot;classic&quot;}\">\n\t\t\t\t<\/div>\n\t\t<div class=\"elementor-element elementor-element-6077e72b e-con-full e-flex e-con e-child\" data-id=\"6077e72b\" data-element_type=\"container\">\n\t\t\t\t<div class=\"elementor-element elementor-element-43bebaaf elementor-widget elementor-widget-heading\" data-id=\"43bebaaf\" data-element_type=\"widget\" data-widget_type=\"heading.default\">\n\t\t\t\t<div class=\"elementor-widget-container\">\n\t\t\t\t\t<h3 class=\"elementor-heading-title elementor-size-default\">De fines cr\u00eapes pr\u00e9par\u00e9es \"minute\"<\/h3>\t\t\t\t<\/div>\n\t\t\t\t<\/div>\n\t\t\t\t<div class=\"elementor-element elementor-element-2e2b1ccf elementor-widget elementor-widget-heading\" data-id=\"2e2b1ccf\" data-element_type=\"widget\" data-widget_type=\"heading.default\">\n\t\t\t\t<div class=\"elementor-widget-container\">\n\t\t\t\t\t<h1 class=\"elementor-heading-title elementor-size-default\">venez go\u00fbter la diff\u00e9rence!<\/h1>\t\t\t\t<\/div>\n\t\t\t\t<\/div>\n\t\t\t\t<div class=\"elementor-element elementor-element-47c71464 elementor-widget elementor-widget-text-editor\" data-id=\"47c71464\" data-element_type=\"widget\" data-widget_type=\"text-editor.default\">\n\t\t\t\t<div class=\"elementor-widget-container\">\n\t\t\t\t\t\t\t\t\t<p>Depuis\u00a0<b>1983<\/b>, la cr\u00eaperie Au Petit Breton vous accueille \u00e0 Lorient dans une authentique maison bretonne datant de 1905.<\/p><p>Nous avons fait le choix de promouvoir la qualit\u00e9 et la tradition artisanale par la s\u00e9lection de produits du terroir, issus de l\u2019artisanat local ou de l\u2019agriculture biologique.<\/p><p>Des cr\u00eapes fines et croustillantes cr\u00e9\u00e9es par un ma\u00eetre cr\u00eapier, des bons produits, venez go\u00fbter la diff\u00e9rence!<\/p>\t\t\t\t\t\t\t\t<\/div>\n\t\t\t\t<\/div>\n\t\t\t\t<\/div>\n\t\t\t\t<\/div>\n\t\t<div class=\"elementor-element elementor-element-2859823c e-con-full e-flex e-con e-parent\" data-id=\"2859823c\" data-element_type=\"container\" id=\"next\">\n\t\t<div class=\"elementor-element elementor-element-5c04ad49 e-con-full e-flex e-con e-child\" data-id=\"5c04ad49\" data-element_type=\"container\">\n\t\t\t\t<div class=\"elementor-element elementor-element-37cbee5a elementor-widget elementor-widget-heading\" data-id=\"37cbee5a\" data-element_type=\"widget\" data-widget_type=\"heading.default\">\n\t\t\t\t<div class=\"elementor-widget-container\">\n\t\t\t\t\t<h3 class=\"elementor-heading-title elementor-size-default\">Certains l'appellent la meilleure cr\u00eaperie de l'Ouest!<\/h3>\t\t\t\t<\/div>\n\t\t\t\t<\/div>\n\t\t\t\t<div class=\"elementor-element elementor-element-67193be2 elementor-widget elementor-widget-heading\" data-id=\"67193be2\" data-element_type=\"widget\" data-widget_type=\"heading.default\">\n\t\t\t\t<div class=\"elementor-widget-container\">\n\t\t\t\t\t<h2 class=\"elementor-heading-title elementor-size-default\">horaires d'ouverture<\/h2>\t\t\t\t<\/div>\n\t\t\t\t<\/div>\n\t\t\t\t<div class=\"elementor-element elementor-element-1018b9e8 elementor-widget elementor-widget-text-editor\" data-id=\"1018b9e8\" data-element_type=\"widget\" data-widget_type=\"text-editor.default\">\n\t\t\t\t<div class=\"elementor-widget-container\">\n\t\t\t\t\t\t\t\t\t<div class=\"elementor-element elementor-element-35cd2e7 elementor-widget elementor-widget-heading\" data-id=\"35cd2e7\" data-element_type=\"widget\" data-widget_type=\"heading.default\"><div class=\"elementor-widget-container\"><p>Midi: 11 h 45 \u00e0 13 h 45<\/p><p>Soir: 18 h 45 \u00e0 21 h 45<\/p><p>Ouvert tous les jours, sauf le mercredi<\/p><\/div><\/div>\t\t\t\t\t\t\t\t<\/div>\n\t\t\t\t<\/div>\n\t\t\t\t<\/div>\n\t\t<div class=\"elementor-element elementor-element-64eebad5 e-con-full e-flex e-con e-child\" data-id=\"64eebad5\" data-element_type=\"container\" data-settings=\"{&quot;background_background&quot;:&quot;classic&quot;}\">\n\t\t\t\t<\/div>\n\t\t\t\t<\/div>\n\t\t<div class=\"elementor-element elementor-element-a2be322 e-con-full e-flex e-con e-parent\" data-id=\"a2be322\" data-element_type=\"container\">\n\t\t<div class=\"elementor-element elementor-element-45698de7 e-con-full e-flex e-con e-child\" data-id=\"45698de7\" data-element_type=\"container\">\n\t\t\t\t<div class=\"elementor-element elementor-element-1c2e987 elementor-widget elementor-widget-heading\" data-id=\"1c2e987\" data-element_type=\"widget\" data-widget_type=\"heading.default\">\n\t\t\t\t<div class=\"elementor-widget-container\">\n\t\t\t\t\t<h3 class=\"elementor-heading-title elementor-size-default\">D\u00e9couvez nos cr\u00e9ations<\/h3>\t\t\t\t<\/div>\n\t\t\t\t<\/div>\n\t\t\t\t<div class=\"elementor-element elementor-element-37620491 elementor-widget elementor-widget-heading\" data-id=\"37620491\" data-element_type=\"widget\" data-widget_type=\"heading.default\">\n\t\t\t\t<div class=\"elementor-widget-container\">\n\t\t\t\t\t<h2 class=\"elementor-heading-title elementor-size-default\">qui sentent bon !<\/h2>\t\t\t\t<\/div>\n\t\t\t\t<\/div>\n\t\t\t\t<\/div>\n\t\t<div class=\"elementor-element elementor-element-6e1676bb e-con-full e-flex e-con e-child\" data-id=\"6e1676bb\" data-element_type=\"container\">\n\t\t<div class=\"elementor-element elementor-element-5e608c20 e-con-full e-flex e-con e-child\" data-id=\"5e608c20\" data-element_type=\"container\" data-settings=\"{&quot;motion_fx_motion_fx_scrolling&quot;:&quot;yes&quot;,&quot;motion_fx_translateY_effect&quot;:&quot;yes&quot;,&quot;motion_fx_translateY_direction&quot;:&quot;negative&quot;,&quot;motion_fx_translateY_speed&quot;:{&quot;unit&quot;:&quot;px&quot;,&quot;size&quot;:&quot;0.5&quot;,&quot;sizes&quot;:[]},&quot;motion_fx_translateY_affectedRange&quot;:{&quot;unit&quot;:&quot;%&quot;,&quot;size&quot;:&quot;&quot;,&quot;sizes&quot;:{&quot;start&quot;:0,&quot;end&quot;:100}},&quot;motion_fx_devices&quot;:[&quot;desktop&quot;,&quot;tablet&quot;,&quot;mobile&quot;]}\">\n\t\t\t\t<div class=\"elementor-element elementor-element-56dbdbcc elementor-widget elementor-widget-image\" data-id=\"56dbdbcc\" data-element_type=\"widget\" data-widget_type=\"image.default\">\n\t\t\t\t<div class=\"elementor-widget-container\">\n\t\t\t\t\t\t\t\t\t\t\t\t\t\t\t<img fetchpriority=\"high\" decoding=\"async\" width=\"2560\" height=\"1466\" src=\"https:\/\/creperie-au-petit-breton.fr\/wp-content\/uploads\/2025\/06\/IMG_5790-scaled.jpg\" class=\"attachment-full size-full wp-image-292\" alt=\"\" srcset=\"https:\/\/creperie-au-petit-breton.fr\/wp-content\/uploads\/2025\/06\/IMG_5790-scaled.jpg 2560w, https:\/\/creperie-au-petit-breton.fr\/wp-content\/uploads\/2025\/06\/IMG_5790-300x172.jpg 300w, https:\/\/creperie-au-petit-breton.fr\/wp-content\/uploads\/2025\/06\/IMG_5790-1024x587.jpg 1024w, https:\/\/creperie-au-petit-breton.fr\/wp-content\/uploads\/2025\/06\/IMG_5790-768x440.jpg 768w, https:\/\/creperie-au-petit-breton.fr\/wp-content\/uploads\/2025\/06\/IMG_5790-1536x880.jpg 1536w, https:\/\/creperie-au-petit-breton.fr\/wp-content\/uploads\/2025\/06\/IMG_5790-2048x1173.jpg 2048w\" sizes=\"(max-width: 2560px) 100vw, 2560px\" \/>\t\t\t\t\t\t\t\t\t\t\t\t\t\t\t<\/div>\n\t\t\t\t<\/div>\n\t\t\t\t<div class=\"elementor-element elementor-element-3e8f6c02 elementor-widget elementor-widget-heading\" data-id=\"3e8f6c02\" data-element_type=\"widget\" data-widget_type=\"heading.default\">\n\t\t\t\t<div class=\"elementor-widget-container\">\n\t\t\t\t\t<h4 class=\"elementor-heading-title elementor-size-default\">composition sur mesure<\/h4>\t\t\t\t<\/div>\n\t\t\t\t<\/div>\n\t\t\t\t<div class=\"elementor-element elementor-element-73528805 elementor-widget elementor-widget-text-editor\" data-id=\"73528805\" data-element_type=\"widget\" data-widget_type=\"text-editor.default\">\n\t\t\t\t<div class=\"elementor-widget-container\">\n\t\t\t\t\t\t\t\t\t<p>Choix des ingr\u00e9dients \u00e0 la demande !<\/p>\t\t\t\t\t\t\t\t<\/div>\n\t\t\t\t<\/div>\n\t\t\t\t<\/div>\n\t\t<div class=\"elementor-element elementor-element-46cbca69 e-con-full e-flex e-con e-child\" data-id=\"46cbca69\" data-element_type=\"container\" data-settings=\"{&quot;motion_fx_motion_fx_scrolling&quot;:&quot;yes&quot;,&quot;motion_fx_translateY_effect&quot;:&quot;yes&quot;,&quot;motion_fx_translateY_speed&quot;:{&quot;unit&quot;:&quot;px&quot;,&quot;size&quot;:&quot;0.5&quot;,&quot;sizes&quot;:[]},&quot;motion_fx_translateY_affectedRange&quot;:{&quot;unit&quot;:&quot;%&quot;,&quot;size&quot;:&quot;&quot;,&quot;sizes&quot;:{&quot;start&quot;:0,&quot;end&quot;:100}},&quot;motion_fx_devices&quot;:[&quot;desktop&quot;,&quot;tablet&quot;,&quot;mobile&quot;]}\">\n\t\t\t\t<div class=\"elementor-element elementor-element-549aaf46 elementor-widget elementor-widget-image\" data-id=\"549aaf46\" data-element_type=\"widget\" data-widget_type=\"image.default\">\n\t\t\t\t<div class=\"elementor-widget-container\">\n\t\t\t\t\t\t\t\t\t\t\t\t\t\t\t<img decoding=\"async\" width=\"2560\" height=\"1627\" src=\"https:\/\/creperie-au-petit-breton.fr\/wp-content\/uploads\/2025\/06\/IMG_5751-scaled.jpg\" class=\"attachment-full size-full wp-image-291\" alt=\"\" srcset=\"https:\/\/creperie-au-petit-breton.fr\/wp-content\/uploads\/2025\/06\/IMG_5751-scaled.jpg 2560w, https:\/\/creperie-au-petit-breton.fr\/wp-content\/uploads\/2025\/06\/IMG_5751-300x191.jpg 300w, https:\/\/creperie-au-petit-breton.fr\/wp-content\/uploads\/2025\/06\/IMG_5751-1024x651.jpg 1024w, https:\/\/creperie-au-petit-breton.fr\/wp-content\/uploads\/2025\/06\/IMG_5751-768x488.jpg 768w, https:\/\/creperie-au-petit-breton.fr\/wp-content\/uploads\/2025\/06\/IMG_5751-1536x976.jpg 1536w, https:\/\/creperie-au-petit-breton.fr\/wp-content\/uploads\/2025\/06\/IMG_5751-2048x1302.jpg 2048w\" sizes=\"(max-width: 2560px) 100vw, 2560px\" \/>\t\t\t\t\t\t\t\t\t\t\t\t\t\t\t<\/div>\n\t\t\t\t<\/div>\n\t\t\t\t<div class=\"elementor-element elementor-element-6ded87fd elementor-widget elementor-widget-heading\" data-id=\"6ded87fd\" data-element_type=\"widget\" data-widget_type=\"heading.default\">\n\t\t\t\t<div class=\"elementor-widget-container\">\n\t\t\t\t\t<h4 class=\"elementor-heading-title elementor-size-default\">Oeuf andouille de Gu\u00e9m\u00e9n\u00e9<\/h4>\t\t\t\t<\/div>\n\t\t\t\t<\/div>\n\t\t\t\t<div class=\"elementor-element elementor-element-303dd118 elementor-widget elementor-widget-text-editor\" data-id=\"303dd118\" data-element_type=\"widget\" data-widget_type=\"text-editor.default\">\n\t\t\t\t<div class=\"elementor-widget-container\">\n\t\t\t\t\t\t\t\t\t<p>La v\u00e9ritable andouille de Gu\u00e9m\u00e9n\u00e9 avec son go\u00fbt tr\u00e8s l\u00e9g\u00e8rement poivr\u00e9.<\/p>\t\t\t\t\t\t\t\t<\/div>\n\t\t\t\t<\/div>\n\t\t\t\t<\/div>\n\t\t<div class=\"elementor-element elementor-element-76c5dc66 e-con-full e-flex e-con e-child\" data-id=\"76c5dc66\" data-element_type=\"container\" data-settings=\"{&quot;motion_fx_motion_fx_scrolling&quot;:&quot;yes&quot;,&quot;motion_fx_translateY_effect&quot;:&quot;yes&quot;,&quot;motion_fx_translateY_direction&quot;:&quot;negative&quot;,&quot;motion_fx_translateY_speed&quot;:{&quot;unit&quot;:&quot;px&quot;,&quot;size&quot;:&quot;0.5&quot;,&quot;sizes&quot;:[]},&quot;motion_fx_translateY_affectedRange&quot;:{&quot;unit&quot;:&quot;%&quot;,&quot;size&quot;:&quot;&quot;,&quot;sizes&quot;:{&quot;start&quot;:0,&quot;end&quot;:100}},&quot;motion_fx_devices&quot;:[&quot;desktop&quot;,&quot;tablet&quot;,&quot;mobile&quot;]}\">\n\t\t\t\t<div class=\"elementor-element elementor-element-3b67860f elementor-widget elementor-widget-image\" data-id=\"3b67860f\" data-element_type=\"widget\" data-widget_type=\"image.default\">\n\t\t\t\t<div class=\"elementor-widget-container\">\n\t\t\t\t\t\t\t\t\t\t\t\t\t\t\t<img decoding=\"async\" width=\"2560\" height=\"1518\" src=\"https:\/\/creperie-au-petit-breton.fr\/wp-content\/uploads\/2025\/06\/IMG_5817-scaled.jpg\" class=\"attachment-full size-full wp-image-290\" alt=\"\" srcset=\"https:\/\/creperie-au-petit-breton.fr\/wp-content\/uploads\/2025\/06\/IMG_5817-scaled.jpg 2560w, https:\/\/creperie-au-petit-breton.fr\/wp-content\/uploads\/2025\/06\/IMG_5817-300x178.jpg 300w, https:\/\/creperie-au-petit-breton.fr\/wp-content\/uploads\/2025\/06\/IMG_5817-1024x607.jpg 1024w, https:\/\/creperie-au-petit-breton.fr\/wp-content\/uploads\/2025\/06\/IMG_5817-768x455.jpg 768w, https:\/\/creperie-au-petit-breton.fr\/wp-content\/uploads\/2025\/06\/IMG_5817-1536x911.jpg 1536w, https:\/\/creperie-au-petit-breton.fr\/wp-content\/uploads\/2025\/06\/IMG_5817-2048x1215.jpg 2048w\" sizes=\"(max-width: 2560px) 100vw, 2560px\" \/>\t\t\t\t\t\t\t\t\t\t\t\t\t\t\t<\/div>\n\t\t\t\t<\/div>\n\t\t\t\t<div class=\"elementor-element elementor-element-172e264e elementor-widget elementor-widget-heading\" data-id=\"172e264e\" data-element_type=\"widget\" data-widget_type=\"heading.default\">\n\t\t\t\t<div class=\"elementor-widget-container\">\n\t\t\t\t\t<h4 class=\"elementor-heading-title elementor-size-default\">Pomme<\/h4>\t\t\t\t<\/div>\n\t\t\t\t<\/div>\n\t\t\t\t<div class=\"elementor-element elementor-element-2bbeed09 elementor-widget elementor-widget-text-editor\" data-id=\"2bbeed09\" data-element_type=\"widget\" data-widget_type=\"text-editor.default\">\n\t\t\t\t<div class=\"elementor-widget-container\">\n\t\t\t\t\t\t\t\t\t<p>Pomme enti\u00e8re cuite !\u00a0<\/p>\t\t\t\t\t\t\t\t<\/div>\n\t\t\t\t<\/div>\n\t\t\t\t<\/div>\n\t\t<div class=\"elementor-element elementor-element-77d2454f e-con-full e-flex e-con e-child\" data-id=\"77d2454f\" data-element_type=\"container\" data-settings=\"{&quot;motion_fx_motion_fx_scrolling&quot;:&quot;yes&quot;,&quot;motion_fx_translateY_effect&quot;:&quot;yes&quot;,&quot;motion_fx_translateY_speed&quot;:{&quot;unit&quot;:&quot;px&quot;,&quot;size&quot;:&quot;0.5&quot;,&quot;sizes&quot;:[]},&quot;motion_fx_translateY_affectedRange&quot;:{&quot;unit&quot;:&quot;%&quot;,&quot;size&quot;:&quot;&quot;,&quot;sizes&quot;:{&quot;start&quot;:0,&quot;end&quot;:100}},&quot;motion_fx_devices&quot;:[&quot;desktop&quot;,&quot;tablet&quot;,&quot;mobile&quot;]}\">\n\t\t\t\t<div class=\"elementor-element elementor-element-315de87e elementor-widget elementor-widget-image\" data-id=\"315de87e\" data-element_type=\"widget\" data-widget_type=\"image.default\">\n\t\t\t\t<div class=\"elementor-widget-container\">\n\t\t\t\t\t\t\t\t\t\t\t\t\t\t\t<img loading=\"lazy\" decoding=\"async\" width=\"2560\" height=\"1707\" src=\"https:\/\/creperie-au-petit-breton.fr\/wp-content\/uploads\/2025\/06\/IMG_5857-scaled.jpg\" class=\"attachment-full size-full wp-image-293\" alt=\"\" srcset=\"https:\/\/creperie-au-petit-breton.fr\/wp-content\/uploads\/2025\/06\/IMG_5857-scaled.jpg 2560w, https:\/\/creperie-au-petit-breton.fr\/wp-content\/uploads\/2025\/06\/IMG_5857-300x200.jpg 300w, https:\/\/creperie-au-petit-breton.fr\/wp-content\/uploads\/2025\/06\/IMG_5857-1024x683.jpg 1024w, https:\/\/creperie-au-petit-breton.fr\/wp-content\/uploads\/2025\/06\/IMG_5857-768x512.jpg 768w, https:\/\/creperie-au-petit-breton.fr\/wp-content\/uploads\/2025\/06\/IMG_5857-1536x1024.jpg 1536w, https:\/\/creperie-au-petit-breton.fr\/wp-content\/uploads\/2025\/06\/IMG_5857-2048x1366.jpg 2048w\" sizes=\"(max-width: 2560px) 100vw, 2560px\" \/>\t\t\t\t\t\t\t\t\t\t\t\t\t\t\t<\/div>\n\t\t\t\t<\/div>\n\t\t\t\t<div class=\"elementor-element elementor-element-1837999b elementor-widget elementor-widget-heading\" data-id=\"1837999b\" data-element_type=\"widget\" data-widget_type=\"heading.default\">\n\t\t\t\t<div class=\"elementor-widget-container\">\n\t\t\t\t\t<h4 class=\"elementor-heading-title elementor-size-default\">Banane chocolat chantilly !<\/h4>\t\t\t\t<\/div>\n\t\t\t\t<\/div>\n\t\t\t\t<div class=\"elementor-element elementor-element-6f145fa4 elementor-widget elementor-widget-text-editor\" data-id=\"6f145fa4\" data-element_type=\"widget\" data-widget_type=\"text-editor.default\">\n\t\t\t\t<div class=\"elementor-widget-container\">\n\t\t\t\t\t\t\t\t\t<p>Avec ou sans flambage. La cr\u00eape gourmande par excellence !<\/p>\t\t\t\t\t\t\t\t<\/div>\n\t\t\t\t<\/div>\n\t\t\t\t<\/div>\n\t\t\t\t<\/div>\n\t\t\t\t<\/div>\n\t\t<div class=\"elementor-element elementor-element-2218455a e-con-full e-flex e-con e-parent\" data-id=\"2218455a\" data-element_type=\"container\">\n\t\t<div class=\"elementor-element elementor-element-3df19cab e-con-full e-flex e-con e-child\" data-id=\"3df19cab\" data-element_type=\"container\" data-settings=\"{&quot;background_background&quot;:&quot;classic&quot;,&quot;motion_fx_motion_fx_scrolling&quot;:&quot;yes&quot;,&quot;motion_fx_translateY_effect&quot;:&quot;yes&quot;,&quot;motion_fx_translateY_direction&quot;:&quot;negative&quot;,&quot;motion_fx_translateY_speed&quot;:{&quot;unit&quot;:&quot;px&quot;,&quot;size&quot;:&quot;1&quot;,&quot;sizes&quot;:[]},&quot;motion_fx_translateY_affectedRange&quot;:{&quot;unit&quot;:&quot;%&quot;,&quot;size&quot;:&quot;&quot;,&quot;sizes&quot;:{&quot;start&quot;:0,&quot;end&quot;:100}},&quot;motion_fx_devices&quot;:[&quot;desktop&quot;,&quot;tablet&quot;,&quot;mobile&quot;]}\">\n\t\t\t\t<div class=\"elementor-element elementor-element-39a36fcc elementor-widget elementor-widget-heading\" data-id=\"39a36fcc\" data-element_type=\"widget\" data-widget_type=\"heading.default\">\n\t\t\t\t<div class=\"elementor-widget-container\">\n\t\t\t\t\t<h3 class=\"elementor-heading-title elementor-size-default\">Notre ambiance est<\/h3>\t\t\t\t<\/div>\n\t\t\t\t<\/div>\n\t\t\t\t<div class=\"elementor-element elementor-element-59871db6 elementor-widget elementor-widget-heading\" data-id=\"59871db6\" data-element_type=\"widget\" data-widget_type=\"heading.default\">\n\t\t\t\t<div class=\"elementor-widget-container\">\n\t\t\t\t\t<h2 class=\"elementor-heading-title elementor-size-default\">authentique<\/h2>\t\t\t\t<\/div>\n\t\t\t\t<\/div>\n\t\t\t\t<div class=\"elementor-element elementor-element-261a86c6 elementor-widget elementor-widget-text-editor\" data-id=\"261a86c6\" data-element_type=\"widget\" data-widget_type=\"text-editor.default\">\n\t\t\t\t<div class=\"elementor-widget-container\">\n\t\t\t\t\t\t\t\t\t<p>Appelez nous pour r\u00e9server une table!<\/p>\t\t\t\t\t\t\t\t<\/div>\n\t\t\t\t<\/div>\n\t\t\t\t<\/div>\n\t\t\t\t<\/div>\n\t\t\t\t<\/div>\n\t\t","protected":false},"excerpt":{"rendered":"<p>Down De fines cr\u00eapes pr\u00e9par\u00e9es \u00ab\u00a0minute\u00a0\u00bb venez go\u00fbter la diff\u00e9rence! Depuis\u00a01983, la cr\u00eaperie Au Petit Breton vous accueille \u00e0 Lorient dans une authentique maison bretonne datant de 1905. Nous avons fait le choix de promouvoir la qualit\u00e9 et la tradition artisanale par la s\u00e9lection de produits du terroir, issus de l\u2019artisanat local ou de l\u2019agriculture [&hellip;]<\/p>\n","protected":false},"author":1,"featured_media":0,"parent":0,"menu_order":0,"comment_status":"closed","ping_status":"closed","template":"elementor_header_footer","meta":{"footnotes":""},"class_list":["post-231","page","type-page","status-publish","hentry"],"_links":{"self":[{"href":"https:\/\/creperie-au-petit-breton.fr\/index.php\/wp-json\/wp\/v2\/pages\/231","targetHints":{"allow":["GET"]}}],"collection":[{"href":"https:\/\/creperie-au-petit-breton.fr\/index.php\/wp-json\/wp\/v2\/pages"}],"about":[{"href":"https:\/\/creperie-au-petit-breton.fr\/index.php\/wp-json\/wp\/v2\/types\/page"}],"author":[{"embeddable":true,"href":"https:\/\/creperie-au-petit-breton.fr\/index.php\/wp-json\/wp\/v2\/users\/1"}],"replies":[{"embeddable":true,"href":"https:\/\/creperie-au-petit-breton.fr\/index.php\/wp-json\/wp\/v2\/comments?post=231"}],"version-history":[{"count":52,"href":"https:\/\/creperie-au-petit-breton.fr\/index.php\/wp-json\/wp\/v2\/pages\/231\/revisions"}],"predecessor-version":[{"id":374,"href":"https:\/\/creperie-au-petit-breton.fr\/index.php\/wp-json\/wp\/v2\/pages\/231\/revisions\/374"}],"wp:attachment":[{"href":"https:\/\/creperie-au-petit-breton.fr\/index.php\/wp-json\/wp\/v2\/media?parent=231"}],"curies":[{"name":"wp","href":"https:\/\/api.w.org\/{rel}","templated":true}]}}